{"id":1002,"date":"2024-10-22T01:50:25","date_gmt":"2024-10-22T01:50:25","guid":{"rendered":"https:\/\/angelcandleny.com\/about\/"},"modified":"2025-01-04T16:46:26","modified_gmt":"2025-01-04T16:46:26","slug":"about","status":"publish","type":"page","link":"https:\/\/angelcandleny.com\/es\/about\/","title":{"rendered":"Sobre Nosotros"},"content":{"rendered":"<div class=\"wp-block-uagb-image aligncenter uagb-block-bd898aa1 wp-block-uagb-image--layout-overlay wp-block-uagb-image--effect-grayscale wp-block-uagb-image--align-center\"><figure class=\"wp-block-uagb-image__figure\"><img loading=\"lazy\" decoding=\"async\" srcset=\"https:\/\/angelcandleny.com\/wp-content\/uploads\/2024\/12\/9303b0ad-3e9f-4edd-aa95-4d71d07d7df3.jpg ,https:\/\/angelcandleny.com\/wp-content\/uploads\/2024\/12\/9303b0ad-3e9f-4edd-aa95-4d71d07d7df3.jpg 780w, https:\/\/angelcandleny.com\/wp-content\/uploads\/2024\/12\/9303b0ad-3e9f-4edd-aa95-4d71d07d7df3.jpg 360w\" sizes=\"auto, (max-width: 480px) 150px\" src=\"https:\/\/angelcandleny.com\/wp-content\/uploads\/2024\/12\/9303b0ad-3e9f-4edd-aa95-4d71d07d7df3.jpg\" alt=\"\" class=\"uag-image-2700\" width=\"2048\" height=\"1536\" title=\"9303b0ad-3e9f-4edd-aa95-4d71d07d7df3\" role=\"img\"\/><div class=\"wp-block-uagb-image--layout-overlay__color-wrapper\"><\/div><div class=\"wp-block-uagb-image--layout-overlay__inner bottom-center\"><h2 class=\"uagb-image-heading\"><strong>\"Cada vela encendida es un recordatorio de que incluso en la oscuridad, podemos encontrar luz \"<\/strong><\/h2><figcaption class=\"uagb-image-caption\">Angel Candles<\/figcaption><\/div><\/figure><\/div><div class=\"wp-block-uagb-container uagb-block-48ef2a71 alignfull uagb-is-root-container\"><div class=\"uagb-container-inner-blocks-wrap\"><div class=\"wp-block-uagb-container uagb-layout-grid uagb-block-7f826306 alignfull uagb-is-root-container\"><div class=\"uagb-container-inner-blocks-wrap\"><div class=\"wp-block-uagb-advanced-heading uagb-block-fccb81b8\"><h1 class=\"uagb-heading-text\">Sobre Nosotros<\/h1><\/div>\n\n<div class=\"wp-block-uagb-info-box uagb-block-6eae1f46 uagb-infobox__content-wrap  uagb-infobox-icon-above-title uagb-infobox-image-valign-top\"><div class=\"uagb-ifb-content\"><div class=\"uagb-ifb-separator\"><\/div><div class=\"uagb-ifb-title-wrap\"><h3 class=\"uagb-ifb-title\">Angel Candle <\/h3><\/div><p class=\"uagb-ifb-desc\">Es una marca que ofrece velas perfumadas con cera de soja, cera de abejas y cera de queroseno para la decoraci\u00f3n y para rituales m\u00e1gicos, como la limpieza energ\u00e9tica y la apertura de los caminos para mejorar la econom\u00eda y el amor.<br><br>Nuestro objetivo es llegar a nuestros clientes para ayudarles a conectar con la energ\u00eda del universo a trav\u00e9s de las velas y descubrir el poder y la magia que todos llevamos dentro.<\/p><\/div><\/div><\/div><\/div>\n\n<div class=\"wp-block-uagb-container uagb-layout-grid uagb-block-cb8a27eb alignfull uagb-is-root-container\"><div class=\"uagb-container-inner-blocks-wrap\"><div class=\"wp-block-uagb-advanced-heading uagb-block-27f47db3\"><h6 class=\"uagb-heading-text\">Nuestra historia<\/h6><\/div>\n\n<div class=\"wp-block-uagb-container uagb-block-6fd6ef76\"><div class=\"wp-block-uagb-advanced-heading uagb-block-ee1428ea\"><p class=\"uagb-desc-text\">ANGEL CANDLE naci\u00f3 de la necesidad de conectar con la energ\u00eda del universo, DIOS, los \u00c1ngeles. Y tener armon\u00eda con la abundancia econ\u00f3mica, en el amor con nosotros mismos y con los dem\u00e1s.<br><br><br>Prop\u00f3sito es informar y vender velas perfumadas , kits m\u00e1gicos , curso sobre c\u00f3mo hacer velas desde casa. Y m\u00e1s adelante art\u00edculos para la decoraci\u00f3n del hogar como cojines, portavelas, jarrones, cuadros, cortinas, s\u00e1banas, etc . Y jabones.<br><\/p><\/div>\n\n<div class=\"wp-block-uagb-container uagb-block-d48e9fa2\"><p class=\"has-text-align-left\"><strong>La luz y las velas son s\u00edmbolos de pureza, tranquilidad, paz y protecci\u00f3n; son una expresi\u00f3n de la relaci\u00f3n con lo divino. Los rituales con velas muestran el camino hacia el subconsciente y estimulan el plano de nuestros dones y sentimientos m\u00e1s elevados.<\/strong><\/p><\/div>\n\n<div class=\"wp-block-uagb-image alignleft uagb-block-be1e5780 wp-block-uagb-image--layout-default wp-block-uagb-image--effect-static wp-block-uagb-image--align-left\"><figure class=\"wp-block-uagb-image__figure\"><img loading=\"lazy\" decoding=\"async\" srcset=\"https:\/\/angelcandleny.com\/wp-content\/uploads\/2024\/10\/Logo-Angel-Canle-texto_Mesa-de-trabajo-1-copia-1-1024x251.png ,https:\/\/angelcandleny.com\/wp-content\/uploads\/2024\/10\/Logo-Angel-Canle-texto_Mesa-de-trabajo-1-copia-1.png 780w, https:\/\/angelcandleny.com\/wp-content\/uploads\/2024\/10\/Logo-Angel-Canle-texto_Mesa-de-trabajo-1-copia-1.png 360w\" sizes=\"auto, (max-width: 480px) 150px\" src=\"https:\/\/angelcandleny.com\/wp-content\/uploads\/2024\/10\/Logo-Angel-Canle-texto_Mesa-de-trabajo-1-copia-1-1024x251.png\" alt=\"\" class=\"uag-image-2329\" width=\"162\" height=\"39\" title=\"Logo Angel Canle texto_Mesa de trabajo 1 copia\" role=\"img\"\/><\/figure><\/div><\/div><\/div><\/div>\n\n<figure class=\"wp-block-gallery has-nested-images columns-default is-cropped wp-block-gallery-1 is-layout-flex wp-block-gallery-is-layout-flex\"><figure class=\"wp-block-image size-full size-large zoom-on-hover is-style-default\"><img fetchpriority=\"high\" decoding=\"async\" width=\"468\" height=\"581\" src=\"https:\/\/angelcandleny.com\/wp-content\/uploads\/2024\/10\/Captura-de-pantalla-2024-10-29-183913.png\" alt=\"\" class=\"wp-image-2291\" srcset=\"https:\/\/angelcandleny.com\/wp-content\/uploads\/2024\/10\/Captura-de-pantalla-2024-10-29-183913.png 468w, https:\/\/angelcandleny.com\/wp-content\/uploads\/2024\/10\/Captura-de-pantalla-2024-10-29-183913-242x300.png 242w\" sizes=\"(max-width: 468px) 100vw, 468px\" \/><\/figure>\n\n<figure class=\"wp-block-image size-full size-large slow-zoom-on-hover\" style=\"margin-top:var(--wp--preset--spacing--80);margin-right:0;margin-bottom:var(--wp--preset--spacing--80);margin-left:0\"><img decoding=\"async\" width=\"1604\" height=\"1640\" src=\"https:\/\/angelcandleny.com\/wp-content\/uploads\/2024\/10\/cropped-Logo-Angel-Candle_Mesa-de-trabajo-1.png\" alt=\"\" class=\"wp-image-2068\" srcset=\"https:\/\/angelcandleny.com\/wp-content\/uploads\/2024\/10\/cropped-Logo-Angel-Candle_Mesa-de-trabajo-1.png 1604w, https:\/\/angelcandleny.com\/wp-content\/uploads\/2024\/10\/cropped-Logo-Angel-Candle_Mesa-de-trabajo-1-293x300.png 293w, https:\/\/angelcandleny.com\/wp-content\/uploads\/2024\/10\/cropped-Logo-Angel-Candle_Mesa-de-trabajo-1-1002x1024.png 1002w, https:\/\/angelcandleny.com\/wp-content\/uploads\/2024\/10\/cropped-Logo-Angel-Candle_Mesa-de-trabajo-1-768x785.png 768w, https:\/\/angelcandleny.com\/wp-content\/uploads\/2024\/10\/cropped-Logo-Angel-Candle_Mesa-de-trabajo-1-1502x1536.png 1502w, https:\/\/angelcandleny.com\/wp-content\/uploads\/2024\/10\/cropped-Logo-Angel-Candle_Mesa-de-trabajo-1-600x613.png 600w\" sizes=\"(max-width: 1604px) 100vw, 1604px\" \/><\/figure>\n\n<figure class=\"wp-block-image size-large zoom-on-hover\"><img decoding=\"async\" width=\"871\" height=\"1024\" src=\"https:\/\/angelcandleny.com\/wp-content\/uploads\/2024\/11\/203a4424-efeb-4711-af97-548042f3cda9-871x1024.jpg\" alt=\"\" class=\"wp-image-2401\" srcset=\"https:\/\/angelcandleny.com\/wp-content\/uploads\/2024\/11\/203a4424-efeb-4711-af97-548042f3cda9-871x1024.jpg 871w, https:\/\/angelcandleny.com\/wp-content\/uploads\/2024\/11\/203a4424-efeb-4711-af97-548042f3cda9-255x300.jpg 255w, https:\/\/angelcandleny.com\/wp-content\/uploads\/2024\/11\/203a4424-efeb-4711-af97-548042f3cda9-768x903.jpg 768w, https:\/\/angelcandleny.com\/wp-content\/uploads\/2024\/11\/203a4424-efeb-4711-af97-548042f3cda9-1307x1536.jpg 1307w, https:\/\/angelcandleny.com\/wp-content\/uploads\/2024\/11\/203a4424-efeb-4711-af97-548042f3cda9-600x705.jpg 600w, https:\/\/angelcandleny.com\/wp-content\/uploads\/2024\/11\/203a4424-efeb-4711-af97-548042f3cda9.jpg 1742w\" sizes=\"(max-width: 871px) 100vw, 871px\" \/><\/figure><\/figure><\/div><\/div><p><\/p>","protected":false},"excerpt":{"rendered":"<p>About Us Our Story ANGEL CANDLE was born from the need to connect with the energy of the universe, GOD, the Angels. And to have harmony with economic abundance, in love with ourselves and with others. Purpose is to inform and sell scented candles , magic kits , course on how to make candles from [&hellip;]<\/p>","protected":false},"author":1,"featured_media":0,"parent":0,"menu_order":0,"comment_status":"closed","ping_status":"closed","template":"","meta":{"_uag_custom_page_level_css":"","site-sidebar-layout":"no-sidebar","site-content-layout":"plain-container","ast-site-content-layout":"normal-width-container","site-content-style":"unboxed","site-sidebar-style":"unboxed","ast-global-header-display":"","ast-banner-title-visibility":"","ast-main-header-display":"","ast-hfb-above-header-display":"","ast-hfb-below-header-display":"","ast-hfb-mobile-header-display":"","site-post-title":"disabled","ast-breadcrumbs-content":"","ast-featured-img":"disabled","footer-sml-layout":"","theme-transparent-header-meta":"disabled","adv-header-id-meta":"","stick-header-meta":"","header-above-stick-meta":"","header-main-stick-meta":"","header-below-stick-meta":"","astra-migrate-meta-layouts":"set","ast-page-background-enabled":"default","ast-page-background-meta":{"desktop":{"background-color":"var(--ast-global-color-4)","background-image":"","background-repeat":"repeat","background-position":"center center","background-size":"auto","background-attachment":"scroll","background-type":"","background-media":"","overlay-type":"","overlay-color":"","overlay-opacity":"","overlay-gradient":""},"tablet":{"background-color":"","background-image":"","background-repeat":"repeat","background-position":"center center","background-size":"auto","background-attachment":"scroll","background-type":"","background-media":"","overlay-type":"","overlay-color":"","overlay-opacity":"","overlay-gradient":""},"mobile":{"background-color":"","background-image":"","background-repeat":"repeat","background-position":"center center","background-size":"auto","background-attachment":"scroll","background-type":"","background-media":"","overlay-type":"","overlay-color":"","overlay-opacity":"","overlay-gradient":""}},"ast-content-background-meta":{"desktop":{"background-color":"var(--ast-global-color-5)","background-image":"","background-repeat":"repeat","background-position":"center center","background-size":"auto","background-attachment":"scroll","background-type":"","background-media":"","overlay-type":"","overlay-color":"","overlay-opacity":"","overlay-gradient":""},"tablet":{"background-color":"var(--ast-global-color-5)","background-image":"","background-repeat":"repeat","background-position":"center center","background-size":"auto","background-attachment":"scroll","background-type":"","background-media":"","overlay-type":"","overlay-color":"","overlay-opacity":"","overlay-gradient":""},"mobile":{"background-color":"var(--ast-global-color-5)","background-image":"","background-repeat":"repeat","background-position":"center center","background-size":"auto","background-attachment":"scroll","background-type":"","background-media":"","overlay-type":"","overlay-color":"","overlay-opacity":"","overlay-gradient":""}},"footnotes":""},"class_list":["post-1002","page","type-page","status-publish","hentry"],"aioseo_notices":[],"uagb_featured_image_src":{"full":false,"thumbnail":false,"medium":false,"medium_large":false,"large":false,"1536x1536":false,"2048x2048":false,"trp-custom-language-flag":false,"woocommerce_thumbnail":false,"woocommerce_single":false,"woocommerce_gallery_thumbnail":false},"uagb_author_info":{"display_name":"","author_link":"https:\/\/angelcandleny.com\/es\/author\/judamy8000gmail-com\/"},"uagb_comment_info":0,"uagb_excerpt":"About Us Our Story ANGEL CANDLE was born from the need to connect with the energy of the universe, GOD, the Angels. And to have harmony with economic abundance, in love with ourselves and with others. Purpose is to inform and sell scented candles , magic kits , course on how to make candles from&hellip;","_links":{"self":[{"href":"https:\/\/angelcandleny.com\/es\/wp-json\/wp\/v2\/pages\/1002","targetHints":{"allow":["GET"]}}],"collection":[{"href":"https:\/\/angelcandleny.com\/es\/wp-json\/wp\/v2\/pages"}],"about":[{"href":"https:\/\/angelcandleny.com\/es\/wp-json\/wp\/v2\/types\/page"}],"author":[{"embeddable":true,"href":"https:\/\/angelcandleny.com\/es\/wp-json\/wp\/v2\/users\/1"}],"replies":[{"embeddable":true,"href":"https:\/\/angelcandleny.com\/es\/wp-json\/wp\/v2\/comments?post=1002"}],"version-history":[{"count":0,"href":"https:\/\/angelcandleny.com\/es\/wp-json\/wp\/v2\/pages\/1002\/revisions"}],"wp:attachment":[{"href":"https:\/\/angelcandleny.com\/es\/wp-json\/wp\/v2\/media?parent=1002"}],"curies":[{"name":"wp","href":"https:\/\/api.w.org\/{rel}","templated":true}]}}