{"id":2864,"date":"2025-01-08T14:07:20","date_gmt":"2025-01-08T14:07:20","guid":{"rendered":"https:\/\/angelcandleny.com\/?page_id=2864"},"modified":"2025-01-27T00:40:37","modified_gmt":"2025-01-27T00:40:37","slug":"home","status":"publish","type":"page","link":"https:\/\/angelcandleny.com\/es\/","title":{"rendered":"Inicio"},"content":{"rendered":"<main class=\"wp-block-uagb-container uagb-block-98d8a034 alignfull uagb-is-root-container\"><div class=\"wp-block-group is-layout-constrained wp-block-group-is-layout-constrained\"><div class=\"wp-block-group alignwide is-layout-constrained wp-block-group-is-layout-constrained\"><h2 class=\"wp-block-heading alignwide has-text-align-center has-x-large-font-size uag-hide-desktop uag-hide-mob\" id=\"we-re-a-studio-in-berlin-with-an-international-practice-in-architecture-urban-planning-and-interior-design-we-believe-in-sharing-knowledge-and-promoting-dialogue-to-increase-the-creative-potential-of-collaboration\" style=\"line-height:1.6\"><strong><mark style=\"background-color:var(--ast-global-color-7)\" class=\"has-inline-color has-ast-global-color-0-color\">La luz y las velas son s\u00edmbolos de pureza, tranquilidad, paz y protecci\u00f3n<\/mark><\/strong><\/h2>\n\n<h2 class=\"wp-block-heading alignwide has-text-align-center has-medium-font-size uag-hide-desktop uag-hide-tab\" id=\"we-re-a-studio-in-berlin-with-an-international-practice-in-architecture-urban-planning-and-interior-design-we-believe-in-sharing-knowledge-and-promoting-dialogue-to-increase-the-creative-potential-of-collaboration\" style=\"line-height:1.6\"><strong><mark style=\"background-color:var(--ast-global-color-7)\" class=\"has-inline-color has-ast-global-color-0-color\">La luz y las velas son s\u00edmbolos de pureza, tranquilidad, paz y protecci\u00f3n<\/mark><\/strong><\/h2>\n\n<h2 class=\"wp-block-heading alignwide has-text-align-center uag-hide-tab uag-hide-mob\" id=\"we-re-a-studio-in-berlin-with-an-international-practice-in-architecture-urban-planning-and-interior-design-we-believe-in-sharing-knowledge-and-promoting-dialogue-to-increase-the-creative-potential-of-collaboration\" style=\"font-size:48px;line-height:1.6\"><strong><mark style=\"background-color:var(--ast-global-color-7)\" class=\"has-inline-color has-ast-global-color-0-color\">La luz y las velas son s\u00edmbolos de pureza, tranquilidad, paz y protecci\u00f3n<\/mark><\/strong><\/h2><\/div><\/div><\/main><div class=\"wp-block-columns is-layout-flex wp-container-core-columns-is-layout-1 wp-block-columns-is-layout-flex\"><div class=\"wp-block-column is-layout-flow wp-block-column-is-layout-flow\" style=\"flex-basis:100%\"><div class=\"wp-block-uagb-container uagb-block-bb3ae077 alignfull uagb-is-root-container\"><div class=\"uagb-container-inner-blocks-wrap\"><\/div><\/div>\n\n<form role=\"search\" method=\"get\" action=\"https:\/\/angelcandleny.com\/es\/\" class=\"wp-block-search__button-outside wp-block-search__icon-button aligncenter wp-block-search\" data-trp-original-action=\"https:\/\/angelcandleny.com\/es\/\"    ><label class=\"wp-block-search__label screen-reader-text\" for=\"wp-block-search__input-1\" >Buscar<\/label><div class=\"wp-block-search__inside-wrapper\"  style=\"width: 75%\"><input class=\"wp-block-search__input\" id=\"wp-block-search__input-1\" placeholder=\"Buscar productos...\" value=\"\" type=\"search\" name=\"s\" required \/><input type=\"hidden\" name=\"post_type\" value=\"product\" \/><button aria-label=\"Buscar\" class=\"wp-block-search__button has-icon wp-element-button\" type=\"submit\" ><svg class=\"search-icon\" viewbox=\"0 0 24 24\" width=\"24\" height=\"24\">\n\t\t\t\t\t<path d=\"M13 5c-3.3 0-6 2.7-6 6 0 1.4.5 2.7 1.3 3.7l-3.8 3.8 1.1 1.1 3.8-3.8c1 .8 2.3 1.3 3.7 1.3 3.3 0 6-2.7 6-6S16.3 5 13 5zm0 10.5c-2.5 0-4.5-2-4.5-4.5s2-4.5 4.5-4.5 4.5 2 4.5 4.5-2 4.5-4.5 4.5z\"><\/path>\n\t\t\t\t<\/svg><\/button><\/div><input type=\"hidden\" name=\"trp-form-language\" value=\"es\"\/><\/form>\n\n<div class=\"wp-block-uagb-container uagb-block-5250664c alignfull uagb-is-root-container\"><div class=\"uagb-container-inner-blocks-wrap\"><\/div><\/div><\/div><\/div><p><\/p><div class=\"wp-block-group alignfull is-vertical is-content-justification-center is-layout-flex wp-container-core-group-is-layout-4 wp-block-group-is-layout-flex\"><div class=\"wp-block-uagb-container uagb-block-5bc16c5c alignfull uagb-is-root-container\"><div class=\"uagb-container-inner-blocks-wrap\"><div data-block-name=\"woocommerce\/single-product\" data-product-id=\"2410\" class=\"wp-block-woocommerce-single-product woocommerce\"><div class=\"wp-block-columns is-layout-flex wp-container-core-columns-is-layout-3 wp-block-columns-is-layout-flex\"><div class=\"wp-block-column is-layout-flow wp-block-column-is-layout-flow\"><div data-block-name=\"woocommerce\/product-image\" data-is-descendent-of-single-product-block=\"true\" data-show-sale-badge=\"false\" class=\"wc-block-components-product-image wc-block-grid__product-image wp-block-woocommerce-product-image\">\n\t\t\t\t\t<a href=\"https:\/\/angelcandleny.com\/es\/producto\/kit-ritual-magico\/\" style=\"\" data-wc-on--click=\"woocommerce\/product-collection::actions.viewProduct\"> <img fetchpriority=\"high\" decoding=\"async\" width=\"600\" height=\"800\" src=\"https:\/\/angelcandleny.com\/wp-content\/uploads\/2024\/11\/1-600x800.jpg\" class=\"attachment-woocommerce_single size-woocommerce_single\" alt=\"\" data-testid=\"product-image\" style=\"max-width:none;object-fit:cover;\" title=\"1\" srcset=\"https:\/\/angelcandleny.com\/wp-content\/uploads\/2024\/11\/1-600x800.jpg 600w, https:\/\/angelcandleny.com\/wp-content\/uploads\/2024\/11\/1-225x300.jpg 225w, https:\/\/angelcandleny.com\/wp-content\/uploads\/2024\/11\/1-768x1024.jpg 768w, https:\/\/angelcandleny.com\/wp-content\/uploads\/2024\/11\/1-1152x1536.jpg 1152w, https:\/\/angelcandleny.com\/wp-content\/uploads\/2024\/11\/1-1536x2048.jpg 1536w, https:\/\/angelcandleny.com\/wp-content\/uploads\/2024\/11\/1-scaled.jpg 1920w\" sizes=\"(max-width: 600px) 100vw, 600px\" \/><\/a>\n\t\t\t\t<\/div><\/div>\n\n<div class=\"wp-block-column is-layout-flow wp-container-core-column-is-layout-4 wp-block-column-is-layout-flow\"><h2 class=\"wp-block-post-title\"><a href=\"https:\/\/angelcandleny.com\/es\/producto\/kit-ritual-magico\/\" target=\"_self\" >Kit ritual m\u00e1gico<\/a><\/h2>\n\n\n\n<div data-block-name=\"woocommerce\/product-price\" data-is-descendent-of-single-product-block=\"true\" class=\"wp-block-woocommerce-product-price\"><div class=\"wc-block-components-product-price wc-block-grid__product-price has-text-align- has-text-align-\" style=\"\">\n\t\t\t\t\t<span class=\"woocommerce-Price-amount amount\"><bdi><span class=\"woocommerce-Price-currencySymbol\">&#36;<\/span>45.00<\/bdi><\/span>\n\t\t\t\t<\/div><\/div>\n\n<div style=\"border-radius:0px;border-style:none;border-width:0px; padding-top:0;padding-bottom:0;margin-top:var(--wp--preset--spacing--20);margin-bottom:var(--wp--preset--spacing--20);margin-left:var(--wp--preset--spacing--40);margin-right:var(--wp--preset--spacing--40);\" class=\"wp-block-post-excerpt has-small-font-size\"><p class=\"wp-block-post-excerpt__excerpt\">Kit Ritual M\u00e1gicoIncluye:- Vela arom\u00e1tica de cera de soja- Salvia blanca- Palo santo- Incienso Las velas representan nuestra conexi\u00f3n con el Universo, son las encargadas de iluminar nuestras decisiones, abrir caminos y llevarnos al mundo espiritual, quemar salvia purifica y limpia las energ\u00edas negativas de un espacio, persona, lugar u objeto. Tambi\u00e9n se dice que puede ayudar a conectar con la espiritualidad. Desde la antig\u00fcedad, la fragancia del Palo Santo o tambi\u00e9n conocida como madera sagrada se ha utilizado para crear ambientes en el hogar o en el lugar de trabajo con armon\u00eda, tranquilidad y paz. Es un tesoro ancestral que permite de forma f\u00e1cil y r\u00e1pida... <\/p><\/div>\n\n<div class=\"wp-block-columns is-layout-flex wp-container-core-columns-is-layout-2 wp-block-columns-is-layout-flex\"><div class=\"wp-block-column is-layout-flow wp-block-column-is-layout-flow\" style=\"flex-basis:100%\"><p><\/p>\n\n<div data-block-name=\"woocommerce\/add-to-cart-form\" data-is-descendent-of-single-product-block=\"true\" class=\"wp-block-add-to-cart-form wc-block-add-to-cart-form product wc-block-add-to-cart-form--input wp-block-woocommerce-add-to-cart-form\" >\n\t\n\t<form class=\"cart\" action=\"https:\/\/angelcandleny.com\/es\/producto\/kit-ritual-magico\/\" method=\"post\" enctype='multipart\/form-data' data-trp-original-action=\"https:\/\/angelcandleny.com\/es\/producto\/kit-ritual-magico\/\">\n\t\t\n\t\t<div class=\"quantity\">\n\t\t<label class=\"screen-reader-text\" for=\"quantity_69e4d7555e22e\" data-no-translation=\"\" data-trp-gettext=\"\">Magic ritual kit cantidad<\/label>\n\t<input\n\t\ttype=\"number\"\n\t\t\t\tid=\"quantity_69e4d7555e22e\"\n\t\tclass=\"input-text qty text\"\n\t\tname=\"quantity\"\n\t\tvalue=\"1\"\n\t\taria-label=\"Cantidad de productos\"\n\t\t\t\tmin=\"1\"\n\t\tmax=\"\"\n\t\t\t\t\tstep=\"1\"\n\t\t\tplaceholder=\"\"\n\t\t\tinputmode=\"numeric\"\n\t\t\tautocomplete=\"off\" data-no-translation-aria-label=\"\"\n\t\t\t\/>\n\t<\/div>\n\n\t\t<input type=\"hidden\" name=\"is-descendent-of-single-product-block\" value=\"true\"><button type=\"submit\" name=\"add-to-cart\" value=\"2410\" class=\"single_add_to_cart_button button alt\" data-no-translation=\"\" data-trp-gettext=\"\">A\u00f1adir al carrito<\/button>\n\n\t\t\t<input type=\"hidden\" name=\"trp-form-language\" value=\"es\"\/><\/form>\n\n\t\n<\/div>\n\n<p><\/p><\/div><\/div>\n\n<div data-block-name=\"woocommerce\/product-meta\" class=\"wp-block-woocommerce-product-meta\"><div class=\"wp-block-group is-nowrap is-layout-flex wp-container-core-group-is-layout-3 wp-block-group-is-layout-flex\">\n\n<div class=\"taxonomy-product_cat wp-block-post-terms\"><span class=\"wp-block-post-terms__prefix\">Categor\u00eda: <\/span><a href=\"https:\/\/angelcandleny.com\/es\/categoria-producto\/candle\/\" rel=\"tag\">Vela<\/a><\/div>\n\n<\/div><\/div><\/div><\/div><\/div><\/div><\/div>\n\n<div class=\"wp-block-uagb-container uagb-block-3a461252 alignfull uagb-is-root-container\"><div class=\"uagb-container-inner-blocks-wrap\"><div class=\"wp-block-uagb-container uagb-block-8ba3e6b8 alignfull uagb-is-root-container\"><div class=\"uagb-container-inner-blocks-wrap\"><div class=\"wp-block-buttons is-content-justification-center is-layout-flex wp-container-core-buttons-is-layout-1 wp-block-buttons-is-layout-flex\"><div class=\"wp-block-button\"><a class=\"wp-block-button__link wp-element-button\" href=\"https:\/\/angelcandleny.com\/es\/shop-2\/\" style=\"padding-top:var(--wp--preset--spacing--40);padding-right:var(--wp--preset--spacing--60);padding-bottom:var(--wp--preset--spacing--40);padding-left:var(--wp--preset--spacing--60)\"><strong>T I E N D A<\/strong><\/a><\/div><\/div><\/div><\/div><\/div><\/div>\n\n<section class=\"wp-block-uagb-container uagb-block-adeb0ff1 alignfull uagb-is-root-container\"><div class=\"uagb-container-inner-blocks-wrap\"><div class=\"wp-block-uagb-info-box uagb-block-a43d6f9d uagb-infobox__content-wrap  uagb-infobox-icon-above-title uagb-infobox-image-valign-top\"><div class=\"uagb-ifb-content\"><div class=\"uagb-ifb-title-wrap\"><h4 class=\"uagb-ifb-title-prefix\">BIENVENIDO A<\/h4><h2 class=\"uagb-ifb-title\"><mark style=\"background-color:rgba(0, 0, 0, 0)\" class=\"has-inline-color has-ast-global-color-8-color\"><strong>ANGEL CANDLE<\/strong><\/mark><\/h2><\/div><p class=\"uagb-ifb-desc\">Es una marca que ofrece velas perfumadas con cera de soja, cera de abejas y cera de queroseno para la decoraci\u00f3n y para rituales m\u00e1gicos, como la limpieza energ\u00e9tica y la apertura de los caminos para mejorar la econom\u00eda y el amor<\/p><div class=\"uagb-ifb-button-wrapper wp-block-button\"><a href=\"\/es\/about\/\" class=\"uagb-infobox-cta-link wp-block-button__link\" target=\"_self\" rel=\"noopener noreferrer\" onclick=\"return true;\"><span class=\"uagb-inline-editing\">Sobre Nosotros<\/span><\/a><\/div><\/div><\/div><\/div><\/section>\n\n<div class=\"wp-block-uagb-container uagb-block-dcef04c8 alignfull uagb-is-root-container\"><div class=\"uagb-container-inner-blocks-wrap\"><div class=\"wp-block-uagb-advanced-heading uagb-block-21bae8f0\"><h2 class=\"uagb-heading-text\">Valoraciones de los Usuarios<\/h2><div class=\"uagb-separator\"><\/div><\/div>\n\n<div data-block-name=\"woocommerce\/all-reviews\" class=\"wp-block-woocommerce-all-reviews wc-block-all-reviews has-image has-name has-date has-rating has-content has-product-name\" data-image-type=\"reviewer\" data-orderby=\"most-recent\" data-reviews-on-page-load=\"10\" data-reviews-on-load-more=\"10\" data-show-load-more=\"true\" data-show-orderby=\"true\"><\/div><\/div><\/div>\n\n<div class=\"wp-block-columns is-layout-flex wp-container-core-columns-is-layout-4 wp-block-columns-is-layout-flex\"><div class=\"wp-block-column is-layout-flow wp-block-column-is-layout-flow\" style=\"flex-basis:100%\"><div class=\"wp-block-uagb-container uagb-block-48ef2a71 alignfull uagb-is-root-container\"><div class=\"uagb-container-inner-blocks-wrap\"><figure class=\"wp-block-gallery has-nested-images columns-default is-cropped wp-block-gallery-2 is-layout-flex wp-block-gallery-is-layout-flex\"><figure class=\"wp-block-image size-full size-large zoom-on-hover is-style-default\"><img decoding=\"async\" width=\"1536\" height=\"2048\" src=\"https:\/\/angelcandleny.com\/wp-content\/uploads\/2024\/11\/cd316e23-21e3-4c27-b426-e46278d3b983.jpg\" alt=\"\" class=\"wp-image-2404\" srcset=\"https:\/\/angelcandleny.com\/wp-content\/uploads\/2024\/11\/cd316e23-21e3-4c27-b426-e46278d3b983.jpg 1536w, https:\/\/angelcandleny.com\/wp-content\/uploads\/2024\/11\/cd316e23-21e3-4c27-b426-e46278d3b983-225x300.jpg 225w, https:\/\/angelcandleny.com\/wp-content\/uploads\/2024\/11\/cd316e23-21e3-4c27-b426-e46278d3b983-768x1024.jpg 768w, https:\/\/angelcandleny.com\/wp-content\/uploads\/2024\/11\/cd316e23-21e3-4c27-b426-e46278d3b983-1152x1536.jpg 1152w, https:\/\/angelcandleny.com\/wp-content\/uploads\/2024\/11\/cd316e23-21e3-4c27-b426-e46278d3b983-600x800.jpg 600w\" sizes=\"(max-width: 1536px) 100vw, 1536px\" \/><\/figure>\n\n<figure class=\"wp-block-image size-full size-large slow-zoom-on-hover\" style=\"margin-top:var(--wp--preset--spacing--80);margin-right:0;margin-bottom:var(--wp--preset--spacing--80);margin-left:0\"><img decoding=\"async\" width=\"1604\" height=\"1640\" src=\"https:\/\/angelcandleny.com\/wp-content\/uploads\/2024\/10\/cropped-Logo-Angel-Candle_Mesa-de-trabajo-1.png\" alt=\"\" class=\"wp-image-2068\" srcset=\"https:\/\/angelcandleny.com\/wp-content\/uploads\/2024\/10\/cropped-Logo-Angel-Candle_Mesa-de-trabajo-1.png 1604w, https:\/\/angelcandleny.com\/wp-content\/uploads\/2024\/10\/cropped-Logo-Angel-Candle_Mesa-de-trabajo-1-293x300.png 293w, https:\/\/angelcandleny.com\/wp-content\/uploads\/2024\/10\/cropped-Logo-Angel-Candle_Mesa-de-trabajo-1-1002x1024.png 1002w, https:\/\/angelcandleny.com\/wp-content\/uploads\/2024\/10\/cropped-Logo-Angel-Candle_Mesa-de-trabajo-1-768x785.png 768w, https:\/\/angelcandleny.com\/wp-content\/uploads\/2024\/10\/cropped-Logo-Angel-Candle_Mesa-de-trabajo-1-1502x1536.png 1502w, https:\/\/angelcandleny.com\/wp-content\/uploads\/2024\/10\/cropped-Logo-Angel-Candle_Mesa-de-trabajo-1-600x613.png 600w\" sizes=\"(max-width: 1604px) 100vw, 1604px\" \/><\/figure>\n\n<figure class=\"wp-block-image size-full size-large zoom-on-hover\"><img loading=\"lazy\" decoding=\"async\" width=\"1536\" height=\"2048\" src=\"https:\/\/angelcandleny.com\/wp-content\/uploads\/2024\/11\/0360b989-ee74-4d20-a3ac-804e01387023.jpg\" alt=\"\" class=\"wp-image-2399\" srcset=\"https:\/\/angelcandleny.com\/wp-content\/uploads\/2024\/11\/0360b989-ee74-4d20-a3ac-804e01387023.jpg 1536w, https:\/\/angelcandleny.com\/wp-content\/uploads\/2024\/11\/0360b989-ee74-4d20-a3ac-804e01387023-225x300.jpg 225w, https:\/\/angelcandleny.com\/wp-content\/uploads\/2024\/11\/0360b989-ee74-4d20-a3ac-804e01387023-768x1024.jpg 768w, https:\/\/angelcandleny.com\/wp-content\/uploads\/2024\/11\/0360b989-ee74-4d20-a3ac-804e01387023-1152x1536.jpg 1152w, https:\/\/angelcandleny.com\/wp-content\/uploads\/2024\/11\/0360b989-ee74-4d20-a3ac-804e01387023-600x800.jpg 600w\" sizes=\"(max-width: 1536px) 100vw, 1536px\" \/><\/figure><\/figure><\/div><\/div><\/div><\/div>\n\n<p><\/p>\n\n<p><\/p><\/div><p><\/p>","protected":false},"excerpt":{"rendered":"<p>Light and candles are symbols of purity, tranquility, peace and protection Light and candles are symbols of purity, tranquility, peace and protection Light and candles are symbols of purity, tranquility, peace and protection User Reviews<\/p>","protected":false},"author":3,"featured_media":0,"parent":0,"menu_order":0,"comment_status":"closed","ping_status":"closed","template":"","meta":{"_uag_custom_page_level_css":"","site-sidebar-layout":"no-sidebar","site-content-layout":"plain-container","ast-site-content-layout":"normal-width-container","site-content-style":"unboxed","site-sidebar-style":"unboxed","ast-global-header-display":"","ast-banner-title-visibility":"","ast-main-header-display":"","ast-hfb-above-header-display":"","ast-hfb-below-header-display":"","ast-hfb-mobile-header-display":"","site-post-title":"disabled","ast-breadcrumbs-content":"","ast-featured-img":"","footer-sml-layout":"","theme-transparent-header-meta":"enabled","adv-header-id-meta":"","stick-header-meta":"","header-above-stick-meta":"","header-main-stick-meta":"","header-below-stick-meta":"","astra-migrate-meta-layouts":"set","ast-page-background-enabled":"default","ast-page-background-meta":{"desktop":{"background-color":"var(--ast-global-color-4)","background-image":"","background-repeat":"repeat","background-position":"center center","background-size":"auto","background-attachment":"scroll","background-type":"","background-media":"","overlay-type":"","overlay-color":"","overlay-opacity":"","overlay-gradient":""},"tablet":{"background-color":"","background-image":"","background-repeat":"repeat","background-position":"center center","background-size":"auto","background-attachment":"scroll","background-type":"","background-media":"","overlay-type":"","overlay-color":"","overlay-opacity":"","overlay-gradient":""},"mobile":{"background-color":"","background-image":"","background-repeat":"repeat","background-position":"center center","background-size":"auto","background-attachment":"scroll","background-type":"","background-media":"","overlay-type":"","overlay-color":"","overlay-opacity":"","overlay-gradient":""}},"ast-content-background-meta":{"desktop":{"background-color":"var(--ast-global-color-5)","background-image":"","background-repeat":"repeat","background-position":"center center","background-size":"auto","background-attachment":"scroll","background-type":"","background-media":"","overlay-type":"","overlay-color":"","overlay-opacity":"","overlay-gradient":""},"tablet":{"background-color":"var(--ast-global-color-5)","background-image":"","background-repeat":"repeat","background-position":"center center","background-size":"auto","background-attachment":"scroll","background-type":"","background-media":"","overlay-type":"","overlay-color":"","overlay-opacity":"","overlay-gradient":""},"mobile":{"background-color":"var(--ast-global-color-5)","background-image":"","background-repeat":"repeat","background-position":"center center","background-size":"auto","background-attachment":"scroll","background-type":"","background-media":"","overlay-type":"","overlay-color":"","overlay-opacity":"","overlay-gradient":""}},"footnotes":""},"class_list":["post-2864","page","type-page","status-publish","hentry","desktop-align-center","tablet-align-left","mobile-align-left"],"aioseo_notices":[],"uagb_featured_image_src":{"full":false,"thumbnail":false,"medium":false,"medium_large":false,"large":false,"1536x1536":false,"2048x2048":false,"trp-custom-language-flag":false,"woocommerce_thumbnail":false,"woocommerce_single":false,"woocommerce_gallery_thumbnail":false},"uagb_author_info":{"display_name":"Daniel Hinestroza","author_link":"https:\/\/angelcandleny.com\/es\/author\/daniel\/"},"uagb_comment_info":0,"uagb_excerpt":"Light and candles are symbols of purity, tranquility, peace and protection Light and candles are symbols of purity, tranquility, peace and protection Light and candles are symbols of purity, tranquility, peace and protection User Reviews","_links":{"self":[{"href":"https:\/\/angelcandleny.com\/es\/wp-json\/wp\/v2\/pages\/2864","targetHints":{"allow":["GET"]}}],"collection":[{"href":"https:\/\/angelcandleny.com\/es\/wp-json\/wp\/v2\/pages"}],"about":[{"href":"https:\/\/angelcandleny.com\/es\/wp-json\/wp\/v2\/types\/page"}],"author":[{"embeddable":true,"href":"https:\/\/angelcandleny.com\/es\/wp-json\/wp\/v2\/users\/3"}],"replies":[{"embeddable":true,"href":"https:\/\/angelcandleny.com\/es\/wp-json\/wp\/v2\/comments?post=2864"}],"version-history":[{"count":13,"href":"https:\/\/angelcandleny.com\/es\/wp-json\/wp\/v2\/pages\/2864\/revisions"}],"predecessor-version":[{"id":2949,"href":"https:\/\/angelcandleny.com\/es\/wp-json\/wp\/v2\/pages\/2864\/revisions\/2949"}],"wp:attachment":[{"href":"https:\/\/angelcandleny.com\/es\/wp-json\/wp\/v2\/media?parent=2864"}],"curies":[{"name":"wp","href":"https:\/\/api.w.org\/{rel}","templated":true}]}}