{"id":2410,"date":"2024-11-23T19:58:27","date_gmt":"2024-11-23T19:58:27","guid":{"rendered":"https:\/\/angelcandleny.com\/?post_type=product&#038;p=2410"},"modified":"2024-12-30T13:46:09","modified_gmt":"2024-12-30T13:46:09","slug":"kit-ritual-magico","status":"publish","type":"product","link":"https:\/\/angelcandleny.com\/es\/producto\/kit-ritual-magico\/","title":{"rendered":"Kit ritual m\u00e1gico"},"content":{"rendered":"","protected":false},"excerpt":{"rendered":"<p>Kit ritual m\u00e1gico<\/p>\n<p>Incluye:<\/p>\n<p>- Vela arom\u00e1tica de cera de soja<br \/>- Salvia blanca<br \/>- Palo santo<br \/>- Incienso\u00a0<\/p>\n<p>Las velas representan nuestra conexi\u00f3n con el Universo, son las encargadas de iluminar nuestras decisiones, abrir caminos y llevarnos al mundo espiritual, quemar salvia purifica y limpia las energ\u00edas negativas de un espacio, persona, lugar u objeto. Tambi\u00e9n se dice que puede ayudar a conectar con la espiritualidad.\u00a0<\/p>\n<p>Desde la antig\u00fcedad, la fragancia del Palo Santo o tambi\u00e9n conocida como madera sagrada ha sido utilizada para crear ambientes en el hogar o lugar de trabajo con armon\u00eda, tranquilidad y paz. Es un tesoro milenario que permite de manera f\u00e1cil y r\u00e1pida purificar diferentes sectores y eliminar malas energ\u00edas.\u00a0<\/p>\n<p>Quemar incienso en varilla tiene una dimensi\u00f3n espiritual y por eso siempre ha estado ligado en diferentes culturas y religiones a las ceremonias. Y el humo que desprende ofrece una sensaci\u00f3n purificadora y curativa y ayuda a crear atm\u00f3sferas tranquilas.<\/p>","protected":false},"featured_media":2596,"comment_status":"open","ping_status":"closed","template":"","meta":{"_uag_custom_page_level_css":"","site-sidebar-layout":"default","site-content-layout":"content-boxed-container","ast-site-content-layout":"normal-width-container","site-content-style":"boxed","site-sidebar-style":"unboxed","ast-global-header-display":"","ast-banner-title-visibility":"","ast-main-header-display":"","ast-hfb-above-header-display":"","ast-hfb-below-header-display":"","ast-hfb-mobile-header-display":"","site-post-title":"","ast-breadcrumbs-content":"","ast-featured-img":"","footer-sml-layout":"","theme-transparent-header-meta":"default","adv-header-id-meta":"","stick-header-meta":"","header-above-stick-meta":"","header-main-stick-meta":"","header-below-stick-meta":"","astra-migrate-meta-layouts":"set","ast-page-background-enabled":"default","ast-page-background-meta":{"desktop":{"background-color":"var(--ast-global-color-4)","background-image":"","background-repeat":"repeat","background-position":"center center","background-size":"auto","background-attachment":"scroll","background-type":"","background-media":"","overlay-type":"","overlay-color":"","overlay-opacity":"","overlay-gradient":""},"tablet":{"background-color":"","background-image":"","background-repeat":"repeat","background-position":"center center","background-size":"auto","background-attachment":"scroll","background-type":"","background-media":"","overlay-type":"","overlay-color":"","overlay-opacity":"","overlay-gradient":""},"mobile":{"background-color":"","background-image":"","background-repeat":"repeat","background-position":"center center","background-size":"auto","background-attachment":"scroll","background-type":"","background-media":"","overlay-type":"","overlay-color":"","overlay-opacity":"","overlay-gradient":""}},"ast-content-background-meta":{"desktop":{"background-color":"var(--ast-global-color-5)","background-image":"","background-repeat":"repeat","background-position":"center center","background-size":"auto","background-attachment":"scroll","background-type":"","background-media":"","overlay-type":"","overlay-color":"","overlay-opacity":"","overlay-gradient":""},"tablet":{"background-color":"var(--ast-global-color-5)","background-image":"","background-repeat":"repeat","background-position":"center center","background-size":"auto","background-attachment":"scroll","background-type":"","background-media":"","overlay-type":"","overlay-color":"","overlay-opacity":"","overlay-gradient":""},"mobile":{"background-color":"var(--ast-global-color-5)","background-image":"","background-repeat":"repeat","background-position":"center center","background-size":"auto","background-attachment":"scroll","background-type":"","background-media":"","overlay-type":"","overlay-color":"","overlay-opacity":"","overlay-gradient":""}}},"product_cat":[28],"product_tag":[],"class_list":{"0":"post-2410","1":"product","2":"type-product","3":"status-publish","4":"has-post-thumbnail","6":"product_cat-candle","7":"desktop-align-center","8":"tablet-align-left","9":"mobile-align-left","11":"first","12":"instock","13":"shipping-taxable","14":"purchasable","15":"product-type-simple"},"aioseo_notices":[],"uagb_featured_image_src":{"full":["https:\/\/angelcandleny.com\/wp-content\/uploads\/2024\/11\/1-scaled.jpg",1920,2560,false],"thumbnail":["https:\/\/angelcandleny.com\/wp-content\/uploads\/2024\/11\/1-150x150.jpg",150,150,true],"medium":["https:\/\/angelcandleny.com\/wp-content\/uploads\/2024\/11\/1-225x300.jpg",225,300,true],"medium_large":["https:\/\/angelcandleny.com\/wp-content\/uploads\/2024\/11\/1-768x1024.jpg",768,1024,true],"large":["https:\/\/angelcandleny.com\/wp-content\/uploads\/2024\/11\/1-768x1024.jpg",768,1024,true],"1536x1536":["https:\/\/angelcandleny.com\/wp-content\/uploads\/2024\/11\/1-1152x1536.jpg",1152,1536,true],"2048x2048":["https:\/\/angelcandleny.com\/wp-content\/uploads\/2024\/11\/1-1536x2048.jpg",1536,2048,true],"trp-custom-language-flag":["https:\/\/angelcandleny.com\/wp-content\/uploads\/2024\/11\/1-scaled.jpg",9,12,false],"woocommerce_thumbnail":["https:\/\/angelcandleny.com\/wp-content\/uploads\/2024\/11\/1-300x300.jpg",300,300,true],"woocommerce_single":["https:\/\/angelcandleny.com\/wp-content\/uploads\/2024\/11\/1-600x800.jpg",600,800,true],"woocommerce_gallery_thumbnail":["https:\/\/angelcandleny.com\/wp-content\/uploads\/2024\/11\/1-100x100.jpg",100,100,true]},"uagb_author_info":{"display_name":"","author_link":"https:\/\/angelcandleny.com\/es\/author\/"},"uagb_comment_info":5,"uagb_excerpt":"Magic Ritual KitIncludes:- Aromatic soy wax candle- White sage- Palo santo- Incense\u00a0Candles represent our connection with the Universe; they are in charge of illuminating our decisions, opening paths and taking us to the spiritual world, burning sage purifies and cleanses negative energies from a space, person, place or object. It is also said that it&hellip;","_links":{"self":[{"href":"https:\/\/angelcandleny.com\/es\/wp-json\/wp\/v2\/product\/2410","targetHints":{"allow":["GET"]}}],"collection":[{"href":"https:\/\/angelcandleny.com\/es\/wp-json\/wp\/v2\/product"}],"about":[{"href":"https:\/\/angelcandleny.com\/es\/wp-json\/wp\/v2\/types\/product"}],"replies":[{"embeddable":true,"href":"https:\/\/angelcandleny.com\/es\/wp-json\/wp\/v2\/comments?post=2410"}],"wp:featuredmedia":[{"embeddable":true,"href":"https:\/\/angelcandleny.com\/es\/wp-json\/wp\/v2\/media\/2596"}],"wp:attachment":[{"href":"https:\/\/angelcandleny.com\/es\/wp-json\/wp\/v2\/media?parent=2410"}],"wp:term":[{"taxonomy":"product_cat","embeddable":true,"href":"https:\/\/angelcandleny.com\/es\/wp-json\/wp\/v2\/product_cat?post=2410"},{"taxonomy":"product_tag","embeddable":true,"href":"https:\/\/angelcandleny.com\/es\/wp-json\/wp\/v2\/product_tag?post=2410"}],"curies":[{"name":"wp","href":"https:\/\/api.w.org\/{rel}","templated":true}]}}